{"id":2872,"date":"2023-02-06T14:00:35","date_gmt":"2023-02-06T19:00:35","guid":{"rendered":"https:\/\/beland.com\/protection-des-renseignements-personnels\/"},"modified":"2023-02-06T14:03:04","modified_gmt":"2023-02-06T19:03:04","slug":"proteccion-de-la-informacion-personal","status":"publish","type":"page","link":"https:\/\/beland.com\/es\/proteccion-de-la-informacion-personal\/","title":{"rendered":"Protecci\u00f3n de la informaci\u00f3n personal"},"content":{"rendered":"","protected":false},"excerpt":{"rendered":"","protected":false},"author":2,"featured_media":0,"parent":0,"menu_order":0,"comment_status":"closed","ping_status":"closed","template":"","meta":{"footnotes":""},"yoast_head":"<!-- This site is optimized with the Yoast SEO plugin v21.4 - https:\/\/yoast.com\/wordpress\/plugins\/seo\/ -->\n<title>Protecci\u00f3n de la informaci\u00f3n personal - Produits Forestiers B\u00e9land lt\u00e9e<\/title>\n<meta name=\"robots\" content=\"index, follow, max-snippet:-1, max-image-preview:large, max-video-preview:-1\" \/>\n<link rel=\"canonical\" href=\"https:\/\/beland.com\/es\/proteccion-de-la-informacion-personal\/\" \/>\n<meta property=\"og:locale\" content=\"es_ES\" \/>\n<meta property=\"og:type\" content=\"article\" \/>\n<meta property=\"og:title\" content=\"Protecci\u00f3n de la informaci\u00f3n personal - Produits Forestiers B\u00e9land lt\u00e9e\" \/>\n<meta property=\"og:url\" content=\"https:\/\/beland.com\/es\/proteccion-de-la-informacion-personal\/\" \/>\n<meta property=\"og:site_name\" content=\"Produits Forestiers B\u00e9land lt\u00e9e\" \/>\n<meta property=\"article:modified_time\" content=\"2023-02-06T19:03:04+00:00\" \/>\n<meta name=\"twitter:card\" content=\"summary_large_image\" \/>\n<script type=\"application\/ld+json\" class=\"yoast-schema-graph\">{\"@context\":\"https:\/\/schema.org\",\"@graph\":[{\"@type\":\"WebPage\",\"@id\":\"https:\/\/beland.com\/es\/proteccion-de-la-informacion-personal\/\",\"url\":\"https:\/\/beland.com\/es\/proteccion-de-la-informacion-personal\/\",\"name\":\"Protecci\u00f3n de la informaci\u00f3n personal - Produits Forestiers B\u00e9land lt\u00e9e\",\"isPartOf\":{\"@id\":\"https:\/\/beland.com\/es\/#website\"},\"datePublished\":\"2023-02-06T19:00:35+00:00\",\"dateModified\":\"2023-02-06T19:03:04+00:00\",\"breadcrumb\":{\"@id\":\"https:\/\/beland.com\/es\/proteccion-de-la-informacion-personal\/#breadcrumb\"},\"inLanguage\":\"es\",\"potentialAction\":[{\"@type\":\"ReadAction\",\"target\":[\"https:\/\/beland.com\/es\/proteccion-de-la-informacion-personal\/\"]}]},{\"@type\":\"BreadcrumbList\",\"@id\":\"https:\/\/beland.com\/es\/proteccion-de-la-informacion-personal\/#breadcrumb\",\"itemListElement\":[{\"@type\":\"ListItem\",\"position\":1,\"name\":\"Accueil\",\"item\":\"https:\/\/beland.com\/es\/\"},{\"@type\":\"ListItem\",\"position\":2,\"name\":\"Protecci\u00f3n de la informaci\u00f3n personal\"}]},{\"@type\":\"WebSite\",\"@id\":\"https:\/\/beland.com\/es\/#website\",\"url\":\"https:\/\/beland.com\/es\/\",\"name\":\"Produits Forestiers B\u00e9land lt\u00e9e\",\"description\":\"\",\"potentialAction\":[{\"@type\":\"SearchAction\",\"target\":{\"@type\":\"EntryPoint\",\"urlTemplate\":\"https:\/\/beland.com\/es\/?s={search_term_string}\"},\"query-input\":\"required name=search_term_string\"}],\"inLanguage\":\"es\"}]}<\/script>\n<!-- \/ Yoast SEO plugin. -->","yoast_head_json":{"title":"Protecci\u00f3n de la informaci\u00f3n personal - Produits Forestiers B\u00e9land lt\u00e9e","robots":{"index":"index","follow":"follow","max-snippet":"max-snippet:-1","max-image-preview":"max-image-preview:large","max-video-preview":"max-video-preview:-1"},"canonical":"https:\/\/beland.com\/es\/proteccion-de-la-informacion-personal\/","og_locale":"es_ES","og_type":"article","og_title":"Protecci\u00f3n de la informaci\u00f3n personal - Produits Forestiers B\u00e9land lt\u00e9e","og_url":"https:\/\/beland.com\/es\/proteccion-de-la-informacion-personal\/","og_site_name":"Produits Forestiers B\u00e9land lt\u00e9e","article_modified_time":"2023-02-06T19:03:04+00:00","twitter_card":"summary_large_image","schema":{"@context":"https:\/\/schema.org","@graph":[{"@type":"WebPage","@id":"https:\/\/beland.com\/es\/proteccion-de-la-informacion-personal\/","url":"https:\/\/beland.com\/es\/proteccion-de-la-informacion-personal\/","name":"Protecci\u00f3n de la informaci\u00f3n personal - Produits Forestiers B\u00e9land lt\u00e9e","isPartOf":{"@id":"https:\/\/beland.com\/es\/#website"},"datePublished":"2023-02-06T19:00:35+00:00","dateModified":"2023-02-06T19:03:04+00:00","breadcrumb":{"@id":"https:\/\/beland.com\/es\/proteccion-de-la-informacion-personal\/#breadcrumb"},"inLanguage":"es","potentialAction":[{"@type":"ReadAction","target":["https:\/\/beland.com\/es\/proteccion-de-la-informacion-personal\/"]}]},{"@type":"BreadcrumbList","@id":"https:\/\/beland.com\/es\/proteccion-de-la-informacion-personal\/#breadcrumb","itemListElement":[{"@type":"ListItem","position":1,"name":"Accueil","item":"https:\/\/beland.com\/es\/"},{"@type":"ListItem","position":2,"name":"Protecci\u00f3n de la informaci\u00f3n personal"}]},{"@type":"WebSite","@id":"https:\/\/beland.com\/es\/#website","url":"https:\/\/beland.com\/es\/","name":"Produits Forestiers B\u00e9land lt\u00e9e","description":"","potentialAction":[{"@type":"SearchAction","target":{"@type":"EntryPoint","urlTemplate":"https:\/\/beland.com\/es\/?s={search_term_string}"},"query-input":"required name=search_term_string"}],"inLanguage":"es"}]}},"_links":{"self":[{"href":"https:\/\/beland.com\/es\/wp-json\/wp\/v2\/pages\/2872"}],"collection":[{"href":"https:\/\/beland.com\/es\/wp-json\/wp\/v2\/pages"}],"about":[{"href":"https:\/\/beland.com\/es\/wp-json\/wp\/v2\/types\/page"}],"author":[{"embeddable":true,"href":"https:\/\/beland.com\/es\/wp-json\/wp\/v2\/users\/2"}],"replies":[{"embeddable":true,"href":"https:\/\/beland.com\/es\/wp-json\/wp\/v2\/comments?post=2872"}],"version-history":[{"count":1,"href":"https:\/\/beland.com\/es\/wp-json\/wp\/v2\/pages\/2872\/revisions"}],"predecessor-version":[{"id":2874,"href":"https:\/\/beland.com\/es\/wp-json\/wp\/v2\/pages\/2872\/revisions\/2874"}],"wp:attachment":[{"href":"https:\/\/beland.com\/es\/wp-json\/wp\/v2\/media?parent=2872"}],"curies":[{"name":"wp","href":"https:\/\/api.w.org\/{rel}","templated":true}]}}